{"id":134,"date":"2015-12-08T16:06:31","date_gmt":"2015-12-08T15:06:31","guid":{"rendered":"http:\/\/g\u00e4stef\u00fchrungen-in-rheinhessen.de\/?page_id=134"},"modified":"2025-01-22T13:53:00","modified_gmt":"2025-01-22T12:53:00","slug":"domfuehrung-in-worms","status":"publish","type":"page","link":"https:\/\/g\u00e4stef\u00fchrungen-in-rheinhessen.de\/?page_id=134","title":{"rendered":"Domf\u00fchrung in Worms"},"content":{"rendered":"\n<p>Domf\u00fchrung &#8211; Innen und Au\u00dfen<\/p>\n\n\n\n<p>Die einstige Bistumskirche &#8222;Der Dom zu Worms&#8220; wurde\u00a0 im 12. Jahrhundert erbaut. <br>Die sp\u00e4tromanische Kirche pr\u00e4sentiert sich in ihrer ganzen Pracht u.a. mit ihrem wundersch\u00f6nen S\u00fcdportal, das um Dreizehnhundert gestaltet wurde, einem sp\u00e4tbarocken Hochaltar, einem reich dekorierten Westchor und der Nikolauskapelle.<\/p>\n\n\n\n<p>Die Dombaugeschichte, die eingebunden ist in das gro\u00dfe Stadtgeschehen von Worms,&nbsp; ist ebenso Bestandteil der F\u00fchrung, wie auch ein Gang um das imposante Gotteshaus, wo vor dem Kaiserportal die K\u00f6niginnen des Nibelungenliedes gestritten haben sollen.<\/p>\n\n\n\n<p>Dauer der F\u00fchrung ca. 1 &#8211; 1,5&nbsp; Stunden.<\/p>\n\n\n\n<p>Kosten: 100,- \u20ac\/Gruppe bis 30 Personen<\/p>\n\n\n\n<figure class=\"wp-block-gallery has-nested-images columns-3 is-cropped wp-block-gallery-1 is-layout-flex wp-block-gallery-is-layout-flex\">\n<figure class=\"wp-block-image size-large\"><a href=\"https:\/\/xn--gstefhrungen-in-rheinhessen-bkc41e.de\/wp-content\/uploads\/2015\/12\/IMG_4250.jpg\"><img loading=\"lazy\" decoding=\"async\" width=\"336\" height=\"336\" data-id=\"135\" src=\"https:\/\/xn--gstefhrungen-in-rheinhessen-bkc41e.de\/wp-content\/uploads\/2015\/12\/IMG_4250.jpg\" alt=\"\" class=\"wp-image-135\" srcset=\"https:\/\/xn--gstefhrungen-in-rheinhessen-bkc41e.de\/wp-content\/uploads\/2015\/12\/IMG_4250.jpg 336w, https:\/\/xn--gstefhrungen-in-rheinhessen-bkc41e.de\/wp-content\/uploads\/2015\/12\/IMG_4250-150x150.jpg 150w, https:\/\/xn--gstefhrungen-in-rheinhessen-bkc41e.de\/wp-content\/uploads\/2015\/12\/IMG_4250-300x300.jpg 300w\" sizes=\"auto, (max-width: 336px) 100vw, 336px\" \/><\/a><\/figure>\n\n\n\n<figure class=\"wp-block-image size-large\"><a href=\"https:\/\/xn--gstefhrungen-in-rheinhessen-bkc41e.de\/wp-content\/uploads\/2015\/12\/Kopie-von-Neue-Bilder-042013-375.jpg\"><img loading=\"lazy\" decoding=\"async\" width=\"353\" height=\"336\" data-id=\"136\" src=\"https:\/\/xn--gstefhrungen-in-rheinhessen-bkc41e.de\/wp-content\/uploads\/2015\/12\/Kopie-von-Neue-Bilder-042013-375.jpg\" alt=\"\" class=\"wp-image-136\" srcset=\"https:\/\/xn--gstefhrungen-in-rheinhessen-bkc41e.de\/wp-content\/uploads\/2015\/12\/Kopie-von-Neue-Bilder-042013-375.jpg 353w, https:\/\/xn--gstefhrungen-in-rheinhessen-bkc41e.de\/wp-content\/uploads\/2015\/12\/Kopie-von-Neue-Bilder-042013-375-300x286.jpg 300w, https:\/\/xn--gstefhrungen-in-rheinhessen-bkc41e.de\/wp-content\/uploads\/2015\/12\/Kopie-von-Neue-Bilder-042013-375-315x300.jpg 315w\" sizes=\"auto, (max-width: 353px) 100vw, 353px\" \/><\/a><\/figure>\n\n\n\n<figure class=\"wp-block-image size-large\"><a href=\"https:\/\/xn--gstefhrungen-in-rheinhessen-bkc41e.de\/wp-content\/uploads\/2015\/12\/IMG_1887.jpg\"><img loading=\"lazy\" decoding=\"async\" width=\"335\" height=\"448\" data-id=\"137\" src=\"https:\/\/xn--gstefhrungen-in-rheinhessen-bkc41e.de\/wp-content\/uploads\/2015\/12\/IMG_1887.jpg\" alt=\"\" class=\"wp-image-137\" srcset=\"https:\/\/xn--gstefhrungen-in-rheinhessen-bkc41e.de\/wp-content\/uploads\/2015\/12\/IMG_1887.jpg 335w, https:\/\/xn--gstefhrungen-in-rheinhessen-bkc41e.de\/wp-content\/uploads\/2015\/12\/IMG_1887-224x300.jpg 224w\" sizes=\"auto, (max-width: 335px) 100vw, 335px\" \/><\/a><\/figure>\n<\/figure>\n","protected":false},"excerpt":{"rendered":"<p>Domf\u00fchrung &#8211; Innen und Au\u00dfen Die einstige Bistumskirche &#8222;Der Dom zu Worms&#8220; wurde\u00a0 im 12. Jahrhundert erbaut. Die sp\u00e4tromanische Kirche pr\u00e4sentiert sich in ihrer ganzen Pracht u.a. mit ihrem wundersch\u00f6nen S\u00fcdportal, das um Dreizehnhundert gestaltet wurde, einem sp\u00e4tbarocken Hochaltar, einem reich dekorierten Westchor und der Nikolauskapelle. Die Dombaugeschichte, die eingebunden ist in das gro\u00dfe Stadtgeschehen &hellip; <\/p>\n<p class=\"link-more\"><a href=\"https:\/\/g\u00e4stef\u00fchrungen-in-rheinhessen.de\/?page_id=134\" class=\"more-link\"><span class=\"screen-reader-text\">\u201eDomf\u00fchrung in Worms\u201c <\/span>weiterlesen<\/a><\/p>\n","protected":false},"author":2,"featured_media":0,"parent":70,"menu_order":0,"comment_status":"closed","ping_status":"closed","template":"","meta":{"footnotes":""},"class_list":["post-134","page","type-page","status-publish","hentry"],"_links":{"self":[{"href":"https:\/\/g\u00e4stef\u00fchrungen-in-rheinhessen.de\/index.php?rest_route=\/wp\/v2\/pages\/134","targetHints":{"allow":["GET"]}}],"collection":[{"href":"https:\/\/g\u00e4stef\u00fchrungen-in-rheinhessen.de\/index.php?rest_route=\/wp\/v2\/pages"}],"about":[{"href":"https:\/\/g\u00e4stef\u00fchrungen-in-rheinhessen.de\/index.php?rest_route=\/wp\/v2\/types\/page"}],"author":[{"embeddable":true,"href":"https:\/\/g\u00e4stef\u00fchrungen-in-rheinhessen.de\/index.php?rest_route=\/wp\/v2\/users\/2"}],"replies":[{"embeddable":true,"href":"https:\/\/g\u00e4stef\u00fchrungen-in-rheinhessen.de\/index.php?rest_route=%2Fwp%2Fv2%2Fcomments&post=134"}],"version-history":[{"count":6,"href":"https:\/\/g\u00e4stef\u00fchrungen-in-rheinhessen.de\/index.php?rest_route=\/wp\/v2\/pages\/134\/revisions"}],"predecessor-version":[{"id":550,"href":"https:\/\/g\u00e4stef\u00fchrungen-in-rheinhessen.de\/index.php?rest_route=\/wp\/v2\/pages\/134\/revisions\/550"}],"up":[{"embeddable":true,"href":"https:\/\/g\u00e4stef\u00fchrungen-in-rheinhessen.de\/index.php?rest_route=\/wp\/v2\/pages\/70"}],"wp:attachment":[{"href":"https:\/\/g\u00e4stef\u00fchrungen-in-rheinhessen.de\/index.php?rest_route=%2Fwp%2Fv2%2Fmedia&parent=134"}],"curies":[{"name":"wp","href":"https:\/\/api.w.org\/{rel}","templated":true}]}}