{"id":22,"date":"2015-11-21T13:57:01","date_gmt":"2015-11-21T12:57:01","guid":{"rendered":"http:\/\/g\u00e4stef\u00fchrungen-in-rheinhessen.de\/?page_id=22"},"modified":"2025-02-08T14:28:28","modified_gmt":"2025-02-08T13:28:28","slug":"ueber-mich","status":"publish","type":"page","link":"https:\/\/g\u00e4stef\u00fchrungen-in-rheinhessen.de\/","title":{"rendered":"Herzlich willkommen!"},"content":{"rendered":"<div class=\"wp-block-image\">\n<figure class=\"alignright is-resized\"><a href=\"https:\/\/g\u00e4stef\u00fchrungen-in-rheinhessen.de\/?attachment_id=386\" rel=\"attachment wp-att-386\"><img loading=\"lazy\" decoding=\"async\" width=\"466\" height=\"800\" src=\"https:\/\/xn--gstefhrungen-in-rheinhessen-bkc41e.de\/wp-content\/uploads\/2020\/05\/Bild-Karin-Henn-GF-1-e1589298208532-466x800.jpg\" alt=\"\" class=\"wp-image-386\" style=\"width:310px;height:auto\" srcset=\"https:\/\/xn--gstefhrungen-in-rheinhessen-bkc41e.de\/wp-content\/uploads\/2020\/05\/Bild-Karin-Henn-GF-1-e1589298208532-466x800.jpg 466w, https:\/\/xn--gstefhrungen-in-rheinhessen-bkc41e.de\/wp-content\/uploads\/2020\/05\/Bild-Karin-Henn-GF-1-e1589298208532-596x1024.jpg 596w, https:\/\/xn--gstefhrungen-in-rheinhessen-bkc41e.de\/wp-content\/uploads\/2020\/05\/Bild-Karin-Henn-GF-1-e1589298208532-175x300.jpg 175w, https:\/\/xn--gstefhrungen-in-rheinhessen-bkc41e.de\/wp-content\/uploads\/2020\/05\/Bild-Karin-Henn-GF-1-e1589298208532.jpg 700w\" sizes=\"auto, (max-width: 466px) 100vw, 466px\" \/><\/a><\/figure>\n<\/div>\n\n\n<p class=\"has-text-align-left\">Darf ich mich vorstellen? Mein Name ist Karin Henn und ich bin seit \u00fcber 20 Jahren offizielle und zertifizierte G\u00e4stef\u00fchrerin in Alzey, in Worms und in meinem Heimatdorf Fl\u00f6rsheim-Dalsheim sowie Kultur- und Weinbotschafterin in Rheinhessen.<\/p>\n\n\n\n<p class=\"has-text-align-left\">Sie planen einen Ausflug in unsere, von der Natur bevorzugte Region und m\u00f6chten diese nicht alleine erkunden, dann sind Sie hier richtig. St\u00f6bern Sie in meinen Angeboten und <a href=\"http:\/\/g\u00e4stef\u00fchrungen-in-rheinhessen.de\/?page_id=25\">kontaktieren Sie mich<\/a>. Ich berate Sie gerne, damit Sie f\u00fcr sich oder f\u00fcr Ihre Gruppe eine individuell gestaltete F\u00fchrung buchen k\u00f6nnen. Meine verschiedenen F\u00fchrungsangebote sind selbstverst\u00e4ndlich miteinander kombinierbar und somit ist das s\u00fcdliche Rheinhessen in einem Gu\u00df f\u00fcr Sie erlebbar.<\/p>\n\n\n\n<p>Ich freue mich auf Ihre Anfrage.<\/p>\n\n\n\n<p>Karin Henn<\/p>\n\n\n\n<figure class=\"wp-block-image\"><img loading=\"lazy\" decoding=\"async\" width=\"105\" height=\"100\" src=\"https:\/\/xn--gstefhrungen-in-rheinhessen-bkc41e.de\/wp-content\/uploads\/2015\/11\/Neues-Bild-21.bmp\" alt=\"Bundesverband der G\u00e4stef\u00fchrer in Deutschland e. V.\" class=\"wp-image-177\"\/><\/figure>\n\n\n\n<figure class=\"wp-block-image\"><img loading=\"lazy\" decoding=\"async\" width=\"191\" height=\"253\" src=\"https:\/\/xn--gstefhrungen-in-rheinhessen-bkc41e.de\/wp-content\/uploads\/2015\/11\/Neues-Bild-1.bmp\" alt=\"Kultur und Weinbotschafter Rheinhessen e.V.\" class=\"wp-image-174\"\/><\/figure>\n\n\n\n<p><a href=\"http:\/\/www.bvgd.org\/\" target=\"_blank\" rel=\"attachment wp-att-177 noopener noreferrer\">&nbsp;&nbsp;&nbsp;&nbsp;&nbsp;&nbsp; <\/a><a href=\"http:\/\/www.kultur-und-weinbotschafter.de\/de\/rheinhessen\/wir-ueber-uns\/\" target=\"_blank\" rel=\"attachment wp-att-174 noopener noreferrer\">&nbsp;&nbsp; &nbsp;&nbsp; <\/a><\/p>\n\n\n\n<p><\/p>\n","protected":false},"excerpt":{"rendered":"<p>Darf ich mich vorstellen? Mein Name ist Karin Henn und ich bin seit \u00fcber 20 Jahren offizielle und zertifizierte G\u00e4stef\u00fchrerin in Alzey, in Worms und in meinem Heimatdorf Fl\u00f6rsheim-Dalsheim sowie Kultur- und Weinbotschafterin in Rheinhessen. Sie planen einen Ausflug in unsere, von der Natur bevorzugte Region und m\u00f6chten diese nicht alleine erkunden, dann sind Sie &hellip; <\/p>\n<p class=\"link-more\"><a href=\"https:\/\/g\u00e4stef\u00fchrungen-in-rheinhessen.de\/\" class=\"more-link\"><span class=\"screen-reader-text\">\u201eHerzlich willkommen!\u201c <\/span>weiterlesen<\/a><\/p>\n","protected":false},"author":2,"featured_media":0,"parent":0,"menu_order":0,"comment_status":"closed","ping_status":"closed","template":"","meta":{"footnotes":""},"class_list":["post-22","page","type-page","status-publish","hentry"],"_links":{"self":[{"href":"https:\/\/g\u00e4stef\u00fchrungen-in-rheinhessen.de\/index.php?rest_route=\/wp\/v2\/pages\/22","targetHints":{"allow":["GET"]}}],"collection":[{"href":"https:\/\/g\u00e4stef\u00fchrungen-in-rheinhessen.de\/index.php?rest_route=\/wp\/v2\/pages"}],"about":[{"href":"https:\/\/g\u00e4stef\u00fchrungen-in-rheinhessen.de\/index.php?rest_route=\/wp\/v2\/types\/page"}],"author":[{"embeddable":true,"href":"https:\/\/g\u00e4stef\u00fchrungen-in-rheinhessen.de\/index.php?rest_route=\/wp\/v2\/users\/2"}],"replies":[{"embeddable":true,"href":"https:\/\/g\u00e4stef\u00fchrungen-in-rheinhessen.de\/index.php?rest_route=%2Fwp%2Fv2%2Fcomments&post=22"}],"version-history":[{"count":31,"href":"https:\/\/g\u00e4stef\u00fchrungen-in-rheinhessen.de\/index.php?rest_route=\/wp\/v2\/pages\/22\/revisions"}],"predecessor-version":[{"id":623,"href":"https:\/\/g\u00e4stef\u00fchrungen-in-rheinhessen.de\/index.php?rest_route=\/wp\/v2\/pages\/22\/revisions\/623"}],"wp:attachment":[{"href":"https:\/\/g\u00e4stef\u00fchrungen-in-rheinhessen.de\/index.php?rest_route=%2Fwp%2Fv2%2Fmedia&parent=22"}],"curies":[{"name":"wp","href":"https:\/\/api.w.org\/{rel}","templated":true}]}}