{"id":250,"date":"2016-01-12T18:31:03","date_gmt":"2016-01-12T17:31:03","guid":{"rendered":"http:\/\/g\u00e4stef\u00fchrungen-in-rheinhessen.de\/?page_id=250"},"modified":"2025-01-22T13:57:07","modified_gmt":"2025-01-22T12:57:07","slug":"wein-und-radwandern-im-suedlichen-rheinhessen","status":"publish","type":"page","link":"https:\/\/g\u00e4stef\u00fchrungen-in-rheinhessen.de\/?page_id=250","title":{"rendered":"Wein- und Radwandern"},"content":{"rendered":"\n<p>Die Weinberge rund um Fl\u00f6rsheim-Dalsheim sind die&nbsp; 2. Erhebung des rheinhessischen Tafel- und H\u00fcgellandes und erreichen eine H\u00f6he von ca. 250 H\u00f6henmeter. Deshalb&nbsp; kann auf dem Panoramaweg die Aussicht auf die Rheinebene bis in den Odenwald auf den Wanderungen genossen werden. Die angebotenen Touren k\u00f6nnen gerne erweitert werden, einmal in der Distanz und zum Anderen nat\u00fcrlich durch einen Weinumtrunk oder kleine Weinprobe im Wingert.<\/p>\n\n\n<div class=\"wp-block-image\">\n<figure class=\"aligncenter\"><a href=\"https:\/\/xn--gstefhrungen-in-rheinhessen-bkc41e.de\/wp-content\/uploads\/2015\/12\/30102013445.jpg\" rel=\"attachment wp-att-208\"><img loading=\"lazy\" decoding=\"async\" width=\"448\" height=\"232\" src=\"https:\/\/xn--gstefhrungen-in-rheinhessen-bkc41e.de\/wp-content\/uploads\/2015\/12\/30102013445.jpg\" alt=\"Ein sch\u00f6ner Blick auf den Ortsteil Dalsheim \" class=\"wp-image-208\" srcset=\"https:\/\/xn--gstefhrungen-in-rheinhessen-bkc41e.de\/wp-content\/uploads\/2015\/12\/30102013445.jpg 448w, https:\/\/xn--gstefhrungen-in-rheinhessen-bkc41e.de\/wp-content\/uploads\/2015\/12\/30102013445-300x155.jpg 300w\" sizes=\"auto, (max-width: 448px) 100vw, 448px\" \/><\/a><figcaption class=\"wp-element-caption\">Ein sch\u00f6ner Blick auf den Ortsteil Dalsheim<\/figcaption><\/figure>\n<\/div>","protected":false},"excerpt":{"rendered":"<p>Die Weinberge rund um Fl\u00f6rsheim-Dalsheim sind die&nbsp; 2. Erhebung des rheinhessischen Tafel- und H\u00fcgellandes und erreichen eine H\u00f6he von ca. 250 H\u00f6henmeter. Deshalb&nbsp; kann auf dem Panoramaweg die Aussicht auf die Rheinebene bis in den Odenwald auf den Wanderungen genossen werden. Die angebotenen Touren k\u00f6nnen gerne erweitert werden, einmal in der Distanz und zum Anderen &hellip; <\/p>\n<p class=\"link-more\"><a href=\"https:\/\/g\u00e4stef\u00fchrungen-in-rheinhessen.de\/?page_id=250\" class=\"more-link\"><span class=\"screen-reader-text\">\u201eWein- und Radwandern\u201c <\/span>weiterlesen<\/a><\/p>\n","protected":false},"author":2,"featured_media":0,"parent":0,"menu_order":0,"comment_status":"closed","ping_status":"closed","template":"","meta":{"footnotes":""},"class_list":["post-250","page","type-page","status-publish","hentry"],"_links":{"self":[{"href":"https:\/\/g\u00e4stef\u00fchrungen-in-rheinhessen.de\/index.php?rest_route=\/wp\/v2\/pages\/250","targetHints":{"allow":["GET"]}}],"collection":[{"href":"https:\/\/g\u00e4stef\u00fchrungen-in-rheinhessen.de\/index.php?rest_route=\/wp\/v2\/pages"}],"about":[{"href":"https:\/\/g\u00e4stef\u00fchrungen-in-rheinhessen.de\/index.php?rest_route=\/wp\/v2\/types\/page"}],"author":[{"embeddable":true,"href":"https:\/\/g\u00e4stef\u00fchrungen-in-rheinhessen.de\/index.php?rest_route=\/wp\/v2\/users\/2"}],"replies":[{"embeddable":true,"href":"https:\/\/g\u00e4stef\u00fchrungen-in-rheinhessen.de\/index.php?rest_route=%2Fwp%2Fv2%2Fcomments&post=250"}],"version-history":[{"count":4,"href":"https:\/\/g\u00e4stef\u00fchrungen-in-rheinhessen.de\/index.php?rest_route=\/wp\/v2\/pages\/250\/revisions"}],"predecessor-version":[{"id":556,"href":"https:\/\/g\u00e4stef\u00fchrungen-in-rheinhessen.de\/index.php?rest_route=\/wp\/v2\/pages\/250\/revisions\/556"}],"wp:attachment":[{"href":"https:\/\/g\u00e4stef\u00fchrungen-in-rheinhessen.de\/index.php?rest_route=%2Fwp%2Fv2%2Fmedia&parent=250"}],"curies":[{"name":"wp","href":"https:\/\/api.w.org\/{rel}","templated":true}]}}