{"id":257,"date":"2016-01-12T18:52:20","date_gmt":"2016-01-12T17:52:20","guid":{"rendered":"http:\/\/g\u00e4stef\u00fchrungen-in-rheinhessen.de\/?page_id=257"},"modified":"2022-11-27T18:09:55","modified_gmt":"2022-11-27T17:09:55","slug":"feucht-froehliche-wanderung","status":"publish","type":"page","link":"https:\/\/g\u00e4stef\u00fchrungen-in-rheinhessen.de\/?page_id=257","title":{"rendered":"&#8222;Feucht-fr\u00f6hliche Wanderung&#8220;"},"content":{"rendered":"<div id='gallery-1' class='gallery galleryid-257 gallery-columns-3 gallery-size-thumbnail'><figure class='gallery-item'>\n\t\t\t<div class='gallery-icon landscape'>\n\t\t\t\t<a href='https:\/\/g\u00e4stef\u00fchrungen-in-rheinhessen.de\/?attachment_id=260'><img loading=\"lazy\" decoding=\"async\" width=\"150\" height=\"150\" src=\"https:\/\/xn--gstefhrungen-in-rheinhessen-bkc41e.de\/wp-content\/uploads\/2016\/01\/Fl\u00f6Da.-Weinwand.-17.10.14-P1050466-Kopie-150x150.jpg\" class=\"attachment-thumbnail size-thumbnail\" alt=\"\" aria-describedby=\"gallery-1-260\" sizes=\"auto, 100vw\" \/><\/a>\n\t\t\t<\/div>\n\t\t\t\t<figcaption class='wp-caption-text gallery-caption' id='gallery-1-260'>\n\t\t\t\tWeg durch die Weinberge \n\t\t\t\t<\/figcaption><\/figure><figure class='gallery-item'>\n\t\t\t<div class='gallery-icon landscape'>\n\t\t\t\t<a href='https:\/\/g\u00e4stef\u00fchrungen-in-rheinhessen.de\/?attachment_id=39'><img loading=\"lazy\" decoding=\"async\" width=\"150\" height=\"150\" src=\"https:\/\/xn--gstefhrungen-in-rheinhessen-bkc41e.de\/wp-content\/uploads\/2015\/11\/Der-Nordwestturm-der-Fleckenmauer-in-Fl\u00f6rsheim-Dalsheim-150x150.jpg\" class=\"attachment-thumbnail size-thumbnail\" alt=\"\" aria-describedby=\"gallery-1-39\" sizes=\"auto, 100vw\" \/><\/a>\n\t\t\t<\/div>\n\t\t\t\t<figcaption class='wp-caption-text gallery-caption' id='gallery-1-39'>\n\t\t\t\tNordwestturm der Fleckenmauer in Dalsheim \n\t\t\t\t<\/figcaption><\/figure><figure class='gallery-item'>\n\t\t\t<div class='gallery-icon portrait'>\n\t\t\t\t<a href='https:\/\/g\u00e4stef\u00fchrungen-in-rheinhessen.de\/?attachment_id=209'><img loading=\"lazy\" decoding=\"async\" width=\"150\" height=\"150\" src=\"https:\/\/xn--gstefhrungen-in-rheinhessen-bkc41e.de\/wp-content\/uploads\/2015\/12\/Handy-MaiJuni-2013-083-150x150.jpg\" class=\"attachment-thumbnail size-thumbnail\" alt=\"\" aria-describedby=\"gallery-1-209\" sizes=\"auto, 100vw\" \/><\/a>\n\t\t\t<\/div>\n\t\t\t\t<figcaption class='wp-caption-text gallery-caption' id='gallery-1-209'>\n\t\t\t\tIn den Weinbergen\n\t\t\t\t<\/figcaption><\/figure>\n\t\t<\/div>\n\n<p>Die\u00a0 \u201efeuchtfr\u00f6hliche Wanderung\u201c bezieht sich zum einen auf das Thema Wasser im und um das Dorf und zum anderen um das Weintrinken, was nicht zu kurz kommen sollte.\u00a0 Der Weg f\u00fchrt entlang sch\u00f6ner Mauern zuerst in den Ortsteil Dalsheim, durch eine \u201eBadestube\u201c, zum Wasserhaus, zu Br\u00fcnnchen begleitet von einer sch\u00f6nen Aussicht in das Rheintal. Nach ca. 6 km Wegstrecke endet die Tour am Trullo \u201eFrl. von Fl\u00f6rsheim\u201c, wo das Weingut Beyer-B\u00e4hr die Wanderer mit einem Snack und Weinumtrunk versorgen kann.<\/p>\n<p>Dauer: ca. 2 Stunden, Kosten: 80,- \u20ac\/ Gruppe G\u00e4stef\u00fchrerhonorar und jede weitere Stunde 20,- \u20ac.<\/p>\n<p>Die Wanderung kann gerne bis zum Nachbardorf Monsheim erweitert werden. Entlang eines kleines Baches, die Pfrimm, wird\u00a0 auf einem sch\u00f6nen, naturnahen Weg in das Dorf gegangen.<\/p>\n<p>F\u00fcr einen Weinumtrunk, eine kleine Weinprobe,ein\u00a0 Picknick im Wingert oder eine Planwagenfahrt kann ich gerne Empfehlungen geben und auch vermitteln.<\/p>\n<figure id=\"attachment_313\" aria-describedby=\"caption-attachment-313\" style=\"width: 193px\" class=\"wp-caption alignnone\"><img loading=\"lazy\" decoding=\"async\" class=\"wp-image-313\" src=\"https:\/\/xn--gstefhrungen-in-rheinhessen-bkc41e.de\/wp-content\/uploads\/2016\/01\/Fl\u00f6Da.Weinwand.-17.10.14-P1050470-Kopie.jpg\" width=\"193\" height=\"132\" \/><figcaption id=\"caption-attachment-313\" class=\"wp-caption-text\">Picknick am Trullo<\/figcaption><\/figure>\n<p><strong>Angebot in Zusammenarbeit mit dem Weingut Beyer-B\u00e4hr in Fl\u00f6rsheim-Dalsheim<\/strong><\/p>\n<p>Dauer: insgesamt ca. 3 Stunden (sie kann auf Wunsche auch verl\u00e4ngert werden)<\/p>\n<p>Wegstrecke: ca. 6 km, zu 80 % auf naturbelassenen Wegen, \u00a0 \u00a0 \u00a0 \u00a0 \u00a0 \u00a0 \u00a0 \u00a0 \u00a0 \u00a0 \u00a0\u00a0 H\u00f6hendifferenz ca. 100 m<\/p>\n<p>Treffpunkt: Bahnhof Fl\u00f6rsheim-Dalsheim, Bahnhofplatz 1<\/p>\n<p>Kosten: 100,- \u20ac f\u00fcr den G\u00e4stef\u00fchrer und 10,- \/Person f\u00fcr Weinprobe und Picknick<\/p>\n<p>Die \u201efeucht-fr\u00f6hliche\u201c Wanderung f\u00fchrt die Wanderer durch die Weinberge im s\u00fcdlichen Wonnegau, an die Fleckenmauer im Ortsteil Dalsheim, \u00fcber sch\u00f6ne Wege mit Aussichten in das Rheintal, vorbei an Brunnen und Trulli. Das Thema \u201eWasser\u201c wird w\u00e4hrend der \u00a0Veranstaltung \u00a0mehrfach geschichtlich aufgegriffen und nat\u00fcrlich wird das Weintrinken nicht zu kurz kommen. Nach ca. 6 km Wegstrecke, endet die Tour am Trullo \u201eFrl. von Fl\u00f6rsheim\u201c, wo das Weingut Beyer-B\u00e4hr die Teilnehmer \u00a0mit einem Picknick und einer kleinen Weinprobe empfangen wird.<\/p>\n","protected":false},"excerpt":{"rendered":"<p>Die\u00a0 \u201efeuchtfr\u00f6hliche Wanderung\u201c bezieht sich zum einen auf das Thema Wasser im und um das Dorf und zum anderen um das Weintrinken, was nicht zu kurz kommen sollte.\u00a0 Der Weg f\u00fchrt entlang sch\u00f6ner Mauern zuerst in den Ortsteil Dalsheim, durch eine \u201eBadestube\u201c, zum Wasserhaus, zu Br\u00fcnnchen begleitet von einer sch\u00f6nen Aussicht in das Rheintal. Nach &hellip; <\/p>\n<p class=\"link-more\"><a href=\"https:\/\/g\u00e4stef\u00fchrungen-in-rheinhessen.de\/?page_id=257\" class=\"more-link\"><span class=\"screen-reader-text\">\u201e&#8222;Feucht-fr\u00f6hliche Wanderung&#8220;\u201c <\/span>weiterlesen<\/a><\/p>\n","protected":false},"author":2,"featured_media":0,"parent":250,"menu_order":0,"comment_status":"closed","ping_status":"closed","template":"","meta":{"footnotes":""},"class_list":["post-257","page","type-page","status-publish","hentry"],"_links":{"self":[{"href":"https:\/\/g\u00e4stef\u00fchrungen-in-rheinhessen.de\/index.php?rest_route=\/wp\/v2\/pages\/257","targetHints":{"allow":["GET"]}}],"collection":[{"href":"https:\/\/g\u00e4stef\u00fchrungen-in-rheinhessen.de\/index.php?rest_route=\/wp\/v2\/pages"}],"about":[{"href":"https:\/\/g\u00e4stef\u00fchrungen-in-rheinhessen.de\/index.php?rest_route=\/wp\/v2\/types\/page"}],"author":[{"embeddable":true,"href":"https:\/\/g\u00e4stef\u00fchrungen-in-rheinhessen.de\/index.php?rest_route=\/wp\/v2\/users\/2"}],"replies":[{"embeddable":true,"href":"https:\/\/g\u00e4stef\u00fchrungen-in-rheinhessen.de\/index.php?rest_route=%2Fwp%2Fv2%2Fcomments&post=257"}],"version-history":[{"count":7,"href":"https:\/\/g\u00e4stef\u00fchrungen-in-rheinhessen.de\/index.php?rest_route=\/wp\/v2\/pages\/257\/revisions"}],"predecessor-version":[{"id":350,"href":"https:\/\/g\u00e4stef\u00fchrungen-in-rheinhessen.de\/index.php?rest_route=\/wp\/v2\/pages\/257\/revisions\/350"}],"up":[{"embeddable":true,"href":"https:\/\/g\u00e4stef\u00fchrungen-in-rheinhessen.de\/index.php?rest_route=\/wp\/v2\/pages\/250"}],"wp:attachment":[{"href":"https:\/\/g\u00e4stef\u00fchrungen-in-rheinhessen.de\/index.php?rest_route=%2Fwp%2Fv2%2Fmedia&parent=257"}],"curies":[{"name":"wp","href":"https:\/\/api.w.org\/{rel}","templated":true}]}}