{"id":264,"date":"2016-01-12T19:10:04","date_gmt":"2016-01-12T18:10:04","guid":{"rendered":"http:\/\/g\u00e4stef\u00fchrungen-in-rheinhessen.de\/?page_id=264"},"modified":"2025-01-22T13:56:42","modified_gmt":"2025-01-22T12:56:42","slug":"radwandern-durch-den-sueden-rheinhessens","status":"publish","type":"page","link":"https:\/\/g\u00e4stef\u00fchrungen-in-rheinhessen.de\/?page_id=264","title":{"rendered":"Radwandern durch den S\u00fcden Rheinhessens"},"content":{"rendered":"\n<h1 class=\"wp-block-heading\">Gef\u00fchrte Fahrradtour durch den S\u00fcden Rheinhessens.<br>\nVon Fl\u00f6rsheim-Dalsheim \u00fcber Monsheim, Pfiffligheim nach Worms.<\/h1>\n\n\n\n<p>Eine sch\u00f6ne Fahrradtour durch den S\u00fcden Rheinhessens von Fl\u00f6rsheim-Dalsheim nach Worms. Hier braucht man keine Angst vor den \u201eHiwwel\u201c zu haben, denn die Wegstrecke von ca. 35 km f\u00fchrt vom Rand der H\u00fcgellandschaft in die Rheinebene. Mit wenigen Steigungen und \u00fcberwiegend auf Fahrradwegen geht die Fahrt entlang von Felder, Weinberge, G\u00e4rten entlang der Pfrimm in eine der \u00e4ltesten St\u00e4dte von Deutschland. Dort besteht die M\u00f6glichkeit unter verschiedenen Kurzf\u00fchrungen (Dauer: ca. 30 &#8211; 45 Min.) Dom, J\u00fcdischer Friedhof \u201eHeiliger Sand\u201c, Judengasse oder Weltreformationsdenkmal zu w\u00e4hlen. Die Tour wird fortgesetzt mit dem Besuch des Schlosses Herrnsheim, wo eine Kaffeepause oder ein Spaziergang im Schlosspark eingelegt werden kann. Auf einer stillgelegten Bahnstrecke geht es \u00fcber Abendheim und Gundheim wieder zur\u00fcck zum Ausgangspunkt.<\/p>\n\n\n\n<p>Die Wegstrecke von ca. 35 km wird zu 90 % auf Fahrradwegen mit wenigen Steigungen zur\u00fcckgelegt.<br>\nDauer: ca. 4 Stunden<br>\nKosten:&nbsp; 150,- \u20ac f\u00fcr Gruppen bis 15 Teilnehmer (Erwachsene) mit eigenem Fahrrad<\/p>\n\n\n\n<p>&nbsp;<\/p>\n\n\n\n<figure class=\"wp-block-gallery has-nested-images columns-3 is-cropped wp-block-gallery-1 is-layout-flex wp-block-gallery-is-layout-flex\">\n<figure class=\"wp-block-image size-large\"><img loading=\"lazy\" decoding=\"async\" width=\"335\" height=\"448\" data-id=\"186\" src=\"https:\/\/xn--gstefhrungen-in-rheinhessen-bkc41e.de\/wp-content\/uploads\/2015\/12\/komp.-5.jpg\" alt=\"\" class=\"wp-image-186\" srcset=\"https:\/\/xn--gstefhrungen-in-rheinhessen-bkc41e.de\/wp-content\/uploads\/2015\/12\/komp.-5.jpg 335w, https:\/\/xn--gstefhrungen-in-rheinhessen-bkc41e.de\/wp-content\/uploads\/2015\/12\/komp.-5-224x300.jpg 224w\" sizes=\"auto, (max-width: 335px) 100vw, 335px\" \/><\/figure>\n\n\n\n<figure class=\"wp-block-image size-large\"><img loading=\"lazy\" decoding=\"async\" width=\"1024\" height=\"768\" data-id=\"185\" src=\"https:\/\/xn--gstefhrungen-in-rheinhessen-bkc41e.de\/wp-content\/uploads\/2015\/12\/Handy-MaiJuni-2013-134-Kopie-1024x768.jpg\" alt=\"\" class=\"wp-image-185\" srcset=\"https:\/\/xn--gstefhrungen-in-rheinhessen-bkc41e.de\/wp-content\/uploads\/2015\/12\/Handy-MaiJuni-2013-134-Kopie-1024x768.jpg 1024w, https:\/\/xn--gstefhrungen-in-rheinhessen-bkc41e.de\/wp-content\/uploads\/2015\/12\/Handy-MaiJuni-2013-134-Kopie-300x225.jpg 300w, https:\/\/xn--gstefhrungen-in-rheinhessen-bkc41e.de\/wp-content\/uploads\/2015\/12\/Handy-MaiJuni-2013-134-Kopie-400x300.jpg 400w\" sizes=\"auto, (max-width: 767px) 89vw, (max-width: 1000px) 54vw, (max-width: 1071px) 543px, 580px\" \/><\/figure>\n\n\n\n<figure class=\"wp-block-image size-large\"><img loading=\"lazy\" decoding=\"async\" width=\"448\" height=\"252\" data-id=\"122\" src=\"https:\/\/xn--gstefhrungen-in-rheinhessen-bkc41e.de\/wp-content\/uploads\/2015\/11\/J\u00fcd.-Friedhof-Worms.jpg\" alt=\"\" class=\"wp-image-122\" srcset=\"https:\/\/xn--gstefhrungen-in-rheinhessen-bkc41e.de\/wp-content\/uploads\/2015\/11\/J\u00fcd.-Friedhof-Worms.jpg 448w, https:\/\/xn--gstefhrungen-in-rheinhessen-bkc41e.de\/wp-content\/uploads\/2015\/11\/J\u00fcd.-Friedhof-Worms-300x169.jpg 300w\" sizes=\"auto, (max-width: 448px) 100vw, 448px\" \/><\/figure>\n<\/figure>\n\n\n\n<p>&nbsp;<\/p>\n\n\n\n<p>&nbsp;<\/p>\n","protected":false},"excerpt":{"rendered":"<p>Gef\u00fchrte Fahrradtour durch den S\u00fcden Rheinhessens. Von Fl\u00f6rsheim-Dalsheim \u00fcber Monsheim, Pfiffligheim nach Worms. Eine sch\u00f6ne Fahrradtour durch den S\u00fcden Rheinhessens von Fl\u00f6rsheim-Dalsheim nach Worms. Hier braucht man keine Angst vor den \u201eHiwwel\u201c zu haben, denn die Wegstrecke von ca. 35 km f\u00fchrt vom Rand der H\u00fcgellandschaft in die Rheinebene. Mit wenigen Steigungen und \u00fcberwiegend auf &hellip; <\/p>\n<p class=\"link-more\"><a href=\"https:\/\/g\u00e4stef\u00fchrungen-in-rheinhessen.de\/?page_id=264\" class=\"more-link\"><span class=\"screen-reader-text\">\u201eRadwandern durch den S\u00fcden Rheinhessens\u201c <\/span>weiterlesen<\/a><\/p>\n","protected":false},"author":2,"featured_media":0,"parent":250,"menu_order":0,"comment_status":"closed","ping_status":"closed","template":"","meta":{"footnotes":""},"class_list":["post-264","page","type-page","status-publish","hentry"],"_links":{"self":[{"href":"https:\/\/g\u00e4stef\u00fchrungen-in-rheinhessen.de\/index.php?rest_route=\/wp\/v2\/pages\/264","targetHints":{"allow":["GET"]}}],"collection":[{"href":"https:\/\/g\u00e4stef\u00fchrungen-in-rheinhessen.de\/index.php?rest_route=\/wp\/v2\/pages"}],"about":[{"href":"https:\/\/g\u00e4stef\u00fchrungen-in-rheinhessen.de\/index.php?rest_route=\/wp\/v2\/types\/page"}],"author":[{"embeddable":true,"href":"https:\/\/g\u00e4stef\u00fchrungen-in-rheinhessen.de\/index.php?rest_route=\/wp\/v2\/users\/2"}],"replies":[{"embeddable":true,"href":"https:\/\/g\u00e4stef\u00fchrungen-in-rheinhessen.de\/index.php?rest_route=%2Fwp%2Fv2%2Fcomments&post=264"}],"version-history":[{"count":3,"href":"https:\/\/g\u00e4stef\u00fchrungen-in-rheinhessen.de\/index.php?rest_route=\/wp\/v2\/pages\/264\/revisions"}],"predecessor-version":[{"id":555,"href":"https:\/\/g\u00e4stef\u00fchrungen-in-rheinhessen.de\/index.php?rest_route=\/wp\/v2\/pages\/264\/revisions\/555"}],"up":[{"embeddable":true,"href":"https:\/\/g\u00e4stef\u00fchrungen-in-rheinhessen.de\/index.php?rest_route=\/wp\/v2\/pages\/250"}],"wp:attachment":[{"href":"https:\/\/g\u00e4stef\u00fchrungen-in-rheinhessen.de\/index.php?rest_route=%2Fwp%2Fv2%2Fmedia&parent=264"}],"curies":[{"name":"wp","href":"https:\/\/api.w.org\/{rel}","templated":true}]}}