{"id":283,"date":"2016-01-14T09:28:21","date_gmt":"2016-01-14T08:28:21","guid":{"rendered":"http:\/\/g\u00e4stef\u00fchrungen-in-rheinhessen.de\/?page_id=283"},"modified":"2025-01-22T13:56:13","modified_gmt":"2025-01-22T12:56:13","slug":"wandern-von-trullo-zu-trullo-in-und-um-dalsheim","status":"publish","type":"page","link":"https:\/\/g\u00e4stef\u00fchrungen-in-rheinhessen.de\/?page_id=283","title":{"rendered":"Wandern von Trullo zu Trullo in und um Dalsheim"},"content":{"rendered":"\n<p>Wanderung durch die Weinberge von Fl\u00f6rsheim-Dalsheim<\/p>\n\n\n\n<p>Die Weinburg Fl\u00f6rsheim-Dalsheim ist von ca. 600 ha Weinanbaufl\u00e4che umgeben. d.h. die Gemeinde ist umgeben von einer Rebenlandschaft und \u00fcberall wird man mit diesem sch\u00f6nen Thema konfrontiert.<\/p>\n\n\n\n<p>Die Wanderung f\u00fchrt Sie erst entlang sch\u00f6ner Mauern, durch den Ortsteil Dalsheim, wo auch die Fleckenmauer begangen wird und dann in die Weinberge zu den Trulli, den besonderen Wingertsh\u00e4uschen, hinauf auf einen Panoramaweg, der Ihnen den Blick das Rheintal \u00f6ffnet.<\/p>\n\n\n\n<p>Dauer der Wanderung: Ca. 2 Stunden<\/p>\n\n\n\n<p>L\u00e4nge: ca. 5 km und sie&nbsp; bewegen sich zwischen 150 und 250 H\u00f6henmeter.<\/p>\n\n\n\n<p>Kosten: 80,- \u20ac\/Gruppe<\/p>\n\n\n\n<p>Sehr sch\u00f6n ist es in Weinbergen einen Weinumtrunk zu genie\u00dfen oder von den Winzern ein Picknick&nbsp; mit kleiner Weinprobe zu bestellen. Den Kontakt zu den Winzern stelle ich gerne her und dort k\u00f6nnen Sie auch die Kosten f\u00fcr diese Leistung erfragen.<\/p>\n\n\n\n<figure class=\"wp-block-gallery has-nested-images columns-3 is-cropped wp-block-gallery-1 is-layout-flex wp-block-gallery-is-layout-flex\">\n<figure class=\"wp-block-image size-large\"><img loading=\"lazy\" decoding=\"async\" width=\"1024\" height=\"542\" data-id=\"210\" src=\"https:\/\/xn--gstefhrungen-in-rheinhessen-bkc41e.de\/wp-content\/uploads\/2015\/12\/30102013439-1024x542.jpg\" alt=\"\" class=\"wp-image-210\" srcset=\"https:\/\/xn--gstefhrungen-in-rheinhessen-bkc41e.de\/wp-content\/uploads\/2015\/12\/30102013439.jpg 1024w, https:\/\/xn--gstefhrungen-in-rheinhessen-bkc41e.de\/wp-content\/uploads\/2015\/12\/30102013439-300x159.jpg 300w, https:\/\/xn--gstefhrungen-in-rheinhessen-bkc41e.de\/wp-content\/uploads\/2015\/12\/30102013439-500x265.jpg 500w\" sizes=\"auto, (max-width: 767px) 89vw, (max-width: 1000px) 54vw, (max-width: 1071px) 543px, 580px\" \/><\/figure>\n\n\n\n<figure class=\"wp-block-image size-large\"><img loading=\"lazy\" decoding=\"async\" width=\"448\" height=\"336\" data-id=\"106\" src=\"https:\/\/xn--gstefhrungen-in-rheinhessen-bkc41e.de\/wp-content\/uploads\/2015\/11\/6090454.jpg\" alt=\"\" class=\"wp-image-106\" srcset=\"https:\/\/xn--gstefhrungen-in-rheinhessen-bkc41e.de\/wp-content\/uploads\/2015\/11\/6090454.jpg 448w, https:\/\/xn--gstefhrungen-in-rheinhessen-bkc41e.de\/wp-content\/uploads\/2015\/11\/6090454-300x225.jpg 300w, https:\/\/xn--gstefhrungen-in-rheinhessen-bkc41e.de\/wp-content\/uploads\/2015\/11\/6090454-400x300.jpg 400w\" sizes=\"auto, (max-width: 448px) 100vw, 448px\" \/><\/figure>\n\n\n\n<figure class=\"wp-block-image size-large\"><img loading=\"lazy\" decoding=\"async\" width=\"721\" height=\"921\" data-id=\"214\" src=\"https:\/\/xn--gstefhrungen-in-rheinhessen-bkc41e.de\/wp-content\/uploads\/2015\/12\/30102013470.jpg\" alt=\"\" class=\"wp-image-214\" srcset=\"https:\/\/xn--gstefhrungen-in-rheinhessen-bkc41e.de\/wp-content\/uploads\/2015\/12\/30102013470.jpg 721w, https:\/\/xn--gstefhrungen-in-rheinhessen-bkc41e.de\/wp-content\/uploads\/2015\/12\/30102013470-235x300.jpg 235w\" sizes=\"auto, (max-width: 721px) 100vw, 721px\" \/><\/figure>\n\n\n\n<figure class=\"wp-block-image size-large\"><img loading=\"lazy\" decoding=\"async\" width=\"448\" height=\"232\" data-id=\"208\" src=\"https:\/\/xn--gstefhrungen-in-rheinhessen-bkc41e.de\/wp-content\/uploads\/2015\/12\/30102013445.jpg\" alt=\"\" class=\"wp-image-208\" srcset=\"https:\/\/xn--gstefhrungen-in-rheinhessen-bkc41e.de\/wp-content\/uploads\/2015\/12\/30102013445.jpg 448w, https:\/\/xn--gstefhrungen-in-rheinhessen-bkc41e.de\/wp-content\/uploads\/2015\/12\/30102013445-300x155.jpg 300w\" sizes=\"auto, (max-width: 448px) 100vw, 448px\" \/><\/figure>\n\n\n\n<figure class=\"wp-block-image size-large\"><img loading=\"lazy\" decoding=\"async\" width=\"768\" height=\"1024\" data-id=\"209\" src=\"https:\/\/xn--gstefhrungen-in-rheinhessen-bkc41e.de\/wp-content\/uploads\/2015\/12\/Handy-MaiJuni-2013-083-768x1024.jpg\" alt=\"\" class=\"wp-image-209\" srcset=\"https:\/\/xn--gstefhrungen-in-rheinhessen-bkc41e.de\/wp-content\/uploads\/2015\/12\/Handy-MaiJuni-2013-083.jpg 768w, https:\/\/xn--gstefhrungen-in-rheinhessen-bkc41e.de\/wp-content\/uploads\/2015\/12\/Handy-MaiJuni-2013-083-225x300.jpg 225w\" sizes=\"auto, (max-width: 767px) 89vw, (max-width: 1000px) 54vw, (max-width: 1071px) 543px, 580px\" \/><\/figure>\n<\/figure>\n","protected":false},"excerpt":{"rendered":"<p>Wanderung durch die Weinberge von Fl\u00f6rsheim-Dalsheim Die Weinburg Fl\u00f6rsheim-Dalsheim ist von ca. 600 ha Weinanbaufl\u00e4che umgeben. d.h. die Gemeinde ist umgeben von einer Rebenlandschaft und \u00fcberall wird man mit diesem sch\u00f6nen Thema konfrontiert. Die Wanderung f\u00fchrt Sie erst entlang sch\u00f6ner Mauern, durch den Ortsteil Dalsheim, wo auch die Fleckenmauer begangen wird und dann in die &hellip; <\/p>\n<p class=\"link-more\"><a href=\"https:\/\/g\u00e4stef\u00fchrungen-in-rheinhessen.de\/?page_id=283\" class=\"more-link\"><span class=\"screen-reader-text\">\u201eWandern von Trullo zu Trullo in und um Dalsheim\u201c <\/span>weiterlesen<\/a><\/p>\n","protected":false},"author":2,"featured_media":0,"parent":0,"menu_order":0,"comment_status":"closed","ping_status":"closed","template":"","meta":{"footnotes":""},"class_list":["post-283","page","type-page","status-publish","hentry"],"_links":{"self":[{"href":"https:\/\/g\u00e4stef\u00fchrungen-in-rheinhessen.de\/index.php?rest_route=\/wp\/v2\/pages\/283","targetHints":{"allow":["GET"]}}],"collection":[{"href":"https:\/\/g\u00e4stef\u00fchrungen-in-rheinhessen.de\/index.php?rest_route=\/wp\/v2\/pages"}],"about":[{"href":"https:\/\/g\u00e4stef\u00fchrungen-in-rheinhessen.de\/index.php?rest_route=\/wp\/v2\/types\/page"}],"author":[{"embeddable":true,"href":"https:\/\/g\u00e4stef\u00fchrungen-in-rheinhessen.de\/index.php?rest_route=\/wp\/v2\/users\/2"}],"replies":[{"embeddable":true,"href":"https:\/\/g\u00e4stef\u00fchrungen-in-rheinhessen.de\/index.php?rest_route=%2Fwp%2Fv2%2Fcomments&post=283"}],"version-history":[{"count":5,"href":"https:\/\/g\u00e4stef\u00fchrungen-in-rheinhessen.de\/index.php?rest_route=\/wp\/v2\/pages\/283\/revisions"}],"predecessor-version":[{"id":554,"href":"https:\/\/g\u00e4stef\u00fchrungen-in-rheinhessen.de\/index.php?rest_route=\/wp\/v2\/pages\/283\/revisions\/554"}],"wp:attachment":[{"href":"https:\/\/g\u00e4stef\u00fchrungen-in-rheinhessen.de\/index.php?rest_route=%2Fwp%2Fv2%2Fmedia&parent=283"}],"curies":[{"name":"wp","href":"https:\/\/api.w.org\/{rel}","templated":true}]}}