{"id":357,"date":"2019-10-24T14:03:40","date_gmt":"2019-10-24T13:03:40","guid":{"rendered":"http:\/\/g\u00e4stef\u00fchrungen-in-rheinhessen.de\/?page_id=357"},"modified":"2025-01-22T13:54:23","modified_gmt":"2025-01-22T12:54:23","slug":"nachtwaechterfuehrung-wenn-nachtwaechterfrauen-erzaehlen","status":"publish","type":"page","link":"https:\/\/g\u00e4stef\u00fchrungen-in-rheinhessen.de\/?page_id=357","title":{"rendered":"Nachtw\u00e4chterf\u00fchrung"},"content":{"rendered":"\n<h2 class=\"wp-block-heading\"><\/h2>\n\n\n\n<p>&#8222;&#8230;&#8230;, wenn Nachtw\u00e4chterfrauen erz\u00e4hlen!&#8220;<\/p>\n\n\n\n<p><\/p>\n\n\n<div class=\"wp-block-image\">\n<figure class=\"alignright is-resized\"><img decoding=\"async\" src=\"https:\/\/xn--gstefhrungen-in-rheinhessen-bkc41e.de\/wp-content\/uploads\/2019\/10\/NW-Cartoon-Karin-Henn.jpg\" alt=\"\" class=\"wp-image-358\" style=\"width:114px;height:196px\"\/><\/figure>\n<\/div>\n\n\n<p class=\"has-text-align-left\">Die F\u00fchrung kann f\u00fcr den Ortsteil Dalsheim und Niederfl\u00f6rsheim gebucht werden. Der abendliche Laternenrundgang durch einen der beiden ehemaligen eigenst\u00e4ndigen D\u00f6rfer dauert ca. 1 Stunde und ist eingebettet in die Geschichte Mitte des 19. Jahrhunderts. Lauschen Sie den Sorgen und N\u00f6ten einer geplagten Nachtw\u00e4chtersfrau.  <\/p>\n\n\n\n<p>Die Kosten belaufen sich auf 70,- \u20ac f\u00fcr eine Gruppe bis 30 Personen. Die Veranstaltung eignet sich gut f\u00fcr einen Programmbeitrag f\u00fcr eine Weihnachts- oder Geburtstagsfeier.<\/p>\n\n\n\n<p><\/p>\n\n\n<div class=\"wp-block-image\">\n<figure class=\"alignright is-resized\"><img loading=\"lazy\" decoding=\"async\" width=\"353\" height=\"530\" src=\"https:\/\/xn--gstefhrungen-in-rheinhessen-bkc41e.de\/wp-content\/uploads\/2019\/10\/150306-136.jpg\" alt=\"\" class=\"wp-image-366\" style=\"width:202px;height:310px\" srcset=\"https:\/\/xn--gstefhrungen-in-rheinhessen-bkc41e.de\/wp-content\/uploads\/2019\/10\/150306-136.jpg 353w, https:\/\/xn--gstefhrungen-in-rheinhessen-bkc41e.de\/wp-content\/uploads\/2019\/10\/150306-136-200x300.jpg 200w\" sizes=\"auto, (max-width: 353px) 100vw, 353px\" \/><\/figure>\n<\/div>\n\n\n<figure class=\"wp-block-image is-resized\"><img loading=\"lazy\" decoding=\"async\" width=\"795\" height=\"530\" src=\"https:\/\/xn--gstefhrungen-in-rheinhessen-bkc41e.de\/wp-content\/uploads\/2019\/10\/150306-127.jpg\" alt=\"\" class=\"wp-image-369\" style=\"width:334px;height:226px\" srcset=\"https:\/\/xn--gstefhrungen-in-rheinhessen-bkc41e.de\/wp-content\/uploads\/2019\/10\/150306-127.jpg 795w, https:\/\/xn--gstefhrungen-in-rheinhessen-bkc41e.de\/wp-content\/uploads\/2019\/10\/150306-127-450x300.jpg 450w\" sizes=\"auto, (max-width: 767px) 89vw, (max-width: 1000px) 54vw, (max-width: 1071px) 543px, 580px\" \/><\/figure>\n","protected":false},"excerpt":{"rendered":"<p>&#8222;&#8230;&#8230;, wenn Nachtw\u00e4chterfrauen erz\u00e4hlen!&#8220; Die F\u00fchrung kann f\u00fcr den Ortsteil Dalsheim und Niederfl\u00f6rsheim gebucht werden. Der abendliche Laternenrundgang durch einen der beiden ehemaligen eigenst\u00e4ndigen D\u00f6rfer dauert ca. 1 Stunde und ist eingebettet in die Geschichte Mitte des 19. Jahrhunderts. Lauschen Sie den Sorgen und N\u00f6ten einer geplagten Nachtw\u00e4chtersfrau. Die Kosten belaufen sich auf 70,- \u20ac &hellip; <\/p>\n<p class=\"link-more\"><a href=\"https:\/\/g\u00e4stef\u00fchrungen-in-rheinhessen.de\/?page_id=357\" class=\"more-link\"><span class=\"screen-reader-text\">\u201eNachtw\u00e4chterf\u00fchrung\u201c <\/span>weiterlesen<\/a><\/p>\n","protected":false},"author":2,"featured_media":0,"parent":0,"menu_order":0,"comment_status":"closed","ping_status":"closed","template":"","meta":{"footnotes":""},"class_list":["post-357","page","type-page","status-publish","hentry"],"_links":{"self":[{"href":"https:\/\/g\u00e4stef\u00fchrungen-in-rheinhessen.de\/index.php?rest_route=\/wp\/v2\/pages\/357","targetHints":{"allow":["GET"]}}],"collection":[{"href":"https:\/\/g\u00e4stef\u00fchrungen-in-rheinhessen.de\/index.php?rest_route=\/wp\/v2\/pages"}],"about":[{"href":"https:\/\/g\u00e4stef\u00fchrungen-in-rheinhessen.de\/index.php?rest_route=\/wp\/v2\/types\/page"}],"author":[{"embeddable":true,"href":"https:\/\/g\u00e4stef\u00fchrungen-in-rheinhessen.de\/index.php?rest_route=\/wp\/v2\/users\/2"}],"replies":[{"embeddable":true,"href":"https:\/\/g\u00e4stef\u00fchrungen-in-rheinhessen.de\/index.php?rest_route=%2Fwp%2Fv2%2Fcomments&post=357"}],"version-history":[{"count":8,"href":"https:\/\/g\u00e4stef\u00fchrungen-in-rheinhessen.de\/index.php?rest_route=\/wp\/v2\/pages\/357\/revisions"}],"predecessor-version":[{"id":552,"href":"https:\/\/g\u00e4stef\u00fchrungen-in-rheinhessen.de\/index.php?rest_route=\/wp\/v2\/pages\/357\/revisions\/552"}],"wp:attachment":[{"href":"https:\/\/g\u00e4stef\u00fchrungen-in-rheinhessen.de\/index.php?rest_route=%2Fwp%2Fv2%2Fmedia&parent=357"}],"curies":[{"name":"wp","href":"https:\/\/api.w.org\/{rel}","templated":true}]}}