{"id":55,"date":"2015-11-27T11:58:33","date_gmt":"2015-11-27T10:58:33","guid":{"rendered":"http:\/\/g\u00e4stef\u00fchrungen-in-rheinhessen.de\/?page_id=55"},"modified":"2025-01-22T14:16:41","modified_gmt":"2025-01-22T13:16:41","slug":"alzey","status":"publish","type":"page","link":"https:\/\/g\u00e4stef\u00fchrungen-in-rheinhessen.de\/?page_id=55","title":{"rendered":"Alzey"},"content":{"rendered":"\n<p>Alzey, ein entz\u00fcckendes St\u00e4dtchen inmitten von Rheinhessen, das immer einen Besuch wert ist.<br>In dieser F\u00fchrung spazieren Sie durch die Gassen von Alzey, kommen \u00fcber den Rossmarkt,\u00a0 den Fischmarkt und den Obermarkt\u00a0 sowie am Hexenturm vorbei. <br>Au\u00dferdem besuchen\u00a0 Sie das Schloss, das einst eine Nebenresidenz der Wittelsbacher war.<\/p>\n\n\n\n<p>Dauer: ca. 1,5 \u2013 2 Stunden<\/p>\n\n\n\n<p>Kosten: 75,- \u20ac\/Gruppe bis 30 Personen.<\/p>\n\n\n\n\n<p>F\u00fchrungsangebot:<strong>&nbsp; Alzey \u2013 ein stadthistorischer Stadtrundgang<\/strong><\/p>\n<p>In dieser F\u00fchrung spazieren Sie durch die Gassen von Alzey, kommen \u00fcber den Rossmarkt,&nbsp; den Fischmarkt und den Obermarkt&nbsp; sowie am Hexenturm vorbei. Au\u00dferdem besuchen&nbsp; Sie das Schloss, das einst eine Nebenresidenz der Wittelsbacher war.<\/p>\n<p>Dauer: ca. 1,5 \u2013 2 Stunden<\/p>\n<p>Kosten: 75,- \u20ac\/Gruppe bis 30 Personen.<\/p>\n<\/div>\n\n\n\n<figure class=\"wp-block-gallery has-nested-images columns-3 is-cropped wp-block-gallery-1 is-layout-flex wp-block-gallery-is-layout-flex\">\n<figure class=\"wp-block-image size-large\"><img loading=\"lazy\" decoding=\"async\" width=\"448\" height=\"335\" data-id=\"56\" src=\"https:\/\/xn--gstefhrungen-in-rheinhessen-bkc41e.de\/wp-content\/uploads\/2015\/11\/IMG_0315.jpg\" alt=\"\" class=\"wp-image-56\" srcset=\"https:\/\/xn--gstefhrungen-in-rheinhessen-bkc41e.de\/wp-content\/uploads\/2015\/11\/IMG_0315.jpg 448w, https:\/\/xn--gstefhrungen-in-rheinhessen-bkc41e.de\/wp-content\/uploads\/2015\/11\/IMG_0315-300x224.jpg 300w, https:\/\/xn--gstefhrungen-in-rheinhessen-bkc41e.de\/wp-content\/uploads\/2015\/11\/IMG_0315-401x300.jpg 401w\" sizes=\"auto, (max-width: 448px) 100vw, 448px\" \/><\/figure>\n\n\n\n<figure class=\"wp-block-image size-large\"><img loading=\"lazy\" decoding=\"async\" width=\"336\" height=\"448\" data-id=\"57\" src=\"https:\/\/xn--gstefhrungen-in-rheinhessen-bkc41e.de\/wp-content\/uploads\/2015\/11\/Bilder-118.jpg\" alt=\"\" class=\"wp-image-57\" srcset=\"https:\/\/xn--gstefhrungen-in-rheinhessen-bkc41e.de\/wp-content\/uploads\/2015\/11\/Bilder-118.jpg 336w, https:\/\/xn--gstefhrungen-in-rheinhessen-bkc41e.de\/wp-content\/uploads\/2015\/11\/Bilder-118-225x300.jpg 225w\" sizes=\"auto, (max-width: 336px) 100vw, 336px\" \/><\/figure>\n\n\n\n<figure class=\"wp-block-image size-large\"><img loading=\"lazy\" decoding=\"async\" width=\"448\" height=\"336\" data-id=\"58\" src=\"https:\/\/xn--gstefhrungen-in-rheinhessen-bkc41e.de\/wp-content\/uploads\/2015\/11\/Bilder-084.jpg\" alt=\"\" class=\"wp-image-58\" srcset=\"https:\/\/xn--gstefhrungen-in-rheinhessen-bkc41e.de\/wp-content\/uploads\/2015\/11\/Bilder-084.jpg 448w, https:\/\/xn--gstefhrungen-in-rheinhessen-bkc41e.de\/wp-content\/uploads\/2015\/11\/Bilder-084-300x225.jpg 300w, https:\/\/xn--gstefhrungen-in-rheinhessen-bkc41e.de\/wp-content\/uploads\/2015\/11\/Bilder-084-400x300.jpg 400w\" sizes=\"auto, (max-width: 448px) 100vw, 448px\" \/><\/figure>\n\n\n\n<figure class=\"wp-block-image size-large\"><img loading=\"lazy\" decoding=\"async\" width=\"336\" height=\"336\" data-id=\"59\" src=\"https:\/\/xn--gstefhrungen-in-rheinhessen-bkc41e.de\/wp-content\/uploads\/2015\/11\/IMG_2549.jpg\" alt=\"\" class=\"wp-image-59\" srcset=\"https:\/\/xn--gstefhrungen-in-rheinhessen-bkc41e.de\/wp-content\/uploads\/2015\/11\/IMG_2549.jpg 336w, https:\/\/xn--gstefhrungen-in-rheinhessen-bkc41e.de\/wp-content\/uploads\/2015\/11\/IMG_2549-150x150.jpg 150w, https:\/\/xn--gstefhrungen-in-rheinhessen-bkc41e.de\/wp-content\/uploads\/2015\/11\/IMG_2549-300x300.jpg 300w\" sizes=\"auto, (max-width: 336px) 100vw, 336px\" \/><\/figure>\n\n\n\n<figure class=\"wp-block-image size-large\"><img loading=\"lazy\" decoding=\"async\" width=\"336\" height=\"336\" data-id=\"60\" src=\"https:\/\/xn--gstefhrungen-in-rheinhessen-bkc41e.de\/wp-content\/uploads\/2015\/11\/IMG_2543.jpg\" alt=\"\" class=\"wp-image-60\" srcset=\"https:\/\/xn--gstefhrungen-in-rheinhessen-bkc41e.de\/wp-content\/uploads\/2015\/11\/IMG_2543.jpg 336w, https:\/\/xn--gstefhrungen-in-rheinhessen-bkc41e.de\/wp-content\/uploads\/2015\/11\/IMG_2543-150x150.jpg 150w, https:\/\/xn--gstefhrungen-in-rheinhessen-bkc41e.de\/wp-content\/uploads\/2015\/11\/IMG_2543-300x300.jpg 300w\" sizes=\"auto, (max-width: 336px) 100vw, 336px\" \/><\/figure>\n\n\n\n<figure class=\"wp-block-image size-large\"><img loading=\"lazy\" decoding=\"async\" width=\"448\" height=\"336\" data-id=\"61\" src=\"https:\/\/xn--gstefhrungen-in-rheinhessen-bkc41e.de\/wp-content\/uploads\/2015\/11\/Bilder-102.jpg\" alt=\"\" class=\"wp-image-61\" srcset=\"https:\/\/xn--gstefhrungen-in-rheinhessen-bkc41e.de\/wp-content\/uploads\/2015\/11\/Bilder-102.jpg 448w, https:\/\/xn--gstefhrungen-in-rheinhessen-bkc41e.de\/wp-content\/uploads\/2015\/11\/Bilder-102-300x225.jpg 300w, https:\/\/xn--gstefhrungen-in-rheinhessen-bkc41e.de\/wp-content\/uploads\/2015\/11\/Bilder-102-400x300.jpg 400w\" sizes=\"auto, (max-width: 448px) 100vw, 448px\" \/><\/figure>\n<\/figure>\n","protected":false},"excerpt":{"rendered":"<p>Alzey, ein entz\u00fcckendes St\u00e4dtchen inmitten von Rheinhessen, das immer einen Besuch wert ist.In dieser F\u00fchrung spazieren Sie durch die Gassen von Alzey, kommen \u00fcber den Rossmarkt,\u00a0 den Fischmarkt und den Obermarkt\u00a0 sowie am Hexenturm vorbei. Au\u00dferdem besuchen\u00a0 Sie das Schloss, das einst eine Nebenresidenz der Wittelsbacher war. Dauer: ca. 1,5 \u2013 2 Stunden Kosten: 75,- &hellip; <\/p>\n<p class=\"link-more\"><a href=\"https:\/\/g\u00e4stef\u00fchrungen-in-rheinhessen.de\/?page_id=55\" class=\"more-link\"><span class=\"screen-reader-text\">\u201eAlzey\u201c <\/span>weiterlesen<\/a><\/p>\n","protected":false},"author":2,"featured_media":0,"parent":0,"menu_order":0,"comment_status":"closed","ping_status":"closed","template":"","meta":{"footnotes":""},"class_list":["post-55","page","type-page","status-publish","hentry"],"_links":{"self":[{"href":"https:\/\/g\u00e4stef\u00fchrungen-in-rheinhessen.de\/index.php?rest_route=\/wp\/v2\/pages\/55","targetHints":{"allow":["GET"]}}],"collection":[{"href":"https:\/\/g\u00e4stef\u00fchrungen-in-rheinhessen.de\/index.php?rest_route=\/wp\/v2\/pages"}],"about":[{"href":"https:\/\/g\u00e4stef\u00fchrungen-in-rheinhessen.de\/index.php?rest_route=\/wp\/v2\/types\/page"}],"author":[{"embeddable":true,"href":"https:\/\/g\u00e4stef\u00fchrungen-in-rheinhessen.de\/index.php?rest_route=\/wp\/v2\/users\/2"}],"replies":[{"embeddable":true,"href":"https:\/\/g\u00e4stef\u00fchrungen-in-rheinhessen.de\/index.php?rest_route=%2Fwp%2Fv2%2Fcomments&post=55"}],"version-history":[{"count":7,"href":"https:\/\/g\u00e4stef\u00fchrungen-in-rheinhessen.de\/index.php?rest_route=\/wp\/v2\/pages\/55\/revisions"}],"predecessor-version":[{"id":562,"href":"https:\/\/g\u00e4stef\u00fchrungen-in-rheinhessen.de\/index.php?rest_route=\/wp\/v2\/pages\/55\/revisions\/562"}],"wp:attachment":[{"href":"https:\/\/g\u00e4stef\u00fchrungen-in-rheinhessen.de\/index.php?rest_route=%2Fwp%2Fv2%2Fmedia&parent=55"}],"curies":[{"name":"wp","href":"https:\/\/api.w.org\/{rel}","templated":true}]}}