{"id":63,"date":"2015-11-24T19:14:19","date_gmt":"2015-11-24T18:14:19","guid":{"rendered":"http:\/\/g\u00e4stef\u00fchrungen-in-rheinhessen.de\/?page_id=63"},"modified":"2022-11-27T18:09:55","modified_gmt":"2022-11-27T17:09:55","slug":"floersheim-dalsheim","status":"publish","type":"page","link":"https:\/\/g\u00e4stef\u00fchrungen-in-rheinhessen.de\/?page_id=63","title":{"rendered":"Fl\u00f6rsheim-Dalsheim"},"content":{"rendered":"<p><a href=\"http:\/\/g\u00e4stef\u00fchrungen-in-rheinhessen.de\/?attachment_id=345\" rel=\"attachment wp-att-345\"><img loading=\"lazy\" decoding=\"async\" class=\"wp-image-345  alignright\" src=\"https:\/\/xn--gstefhrungen-in-rheinhessen-bkc41e.de\/wp-content\/uploads\/2019\/10\/Auf-dem-Wehrgang-der-Fleckenmauer.jpg\" alt=\"\" width=\"281\" height=\"215\"><\/a>Die Weinburg Fl\u00f6rsheim-Dalsheim bietet neben vielem Sehenswerten etwas ganz besonderes in Rheinhessen. Neben den hochpr\u00e4mierten Weinen der Winzer k\u00f6nnen Sie im Ortsteil Dalsheim die einzige, vollst\u00e4ndig erhaltene, mittelalterliche Ortsbefestigung in Rheinhessen besichtigen. Das Reisemagazin &#8222;Merian Rheinhessen&#8220; hat die Fleckenmauer auf Platz 3 der sehenswertesten Orte in Rheinhessen platziert.<\/p>\n<p>Die Fleckenmauerf\u00fchrung ist jederzeit buchbar.<br \/>\nKosten: 60,- \u20ac f\u00fcr eine Gruppe bis 30 Pers.<\/p>\n<p><strong>Wenn Sie mit einer Gruppe unsere Gemeinde besuchen m\u00f6chten, dann buchen Sie am besten eine der angebotenen F\u00fchrungen. Bei&nbsp; einer Gruppenst\u00e4rke&nbsp; \u00fcber 30 Personen werde ich selbstverst\u00e4ndlich eine kompetente Kollegin gegen den entsprechenden Aufpreis&nbsp; hinzubuchen.<br \/>\n<\/strong><\/p>\n<p>Da die Winzerschaft&nbsp; hier in Fl\u00f6rsheim-Dalsheim auf \u00fcber 600 ha&nbsp; hervorragenden Wein anbaut,&nbsp; liegt es nahe, dass Sie den Besuch mit einem Weinumtrunk, Weinprobe oder einer&nbsp; Planwagenfahrt&nbsp; abrunden. Angebote hierf\u00fcr kann ich Ihnen gerne&nbsp; vermitteln.<\/p>\n<p><strong>F\u00fcr Einzelreisende bietet die IG Fl\u00f6rsheim-Dalsheimer G\u00e4stef\u00fchrer von Mai bis Oktober jeden Samstag um 17 Uhr eine offene Fleckenmauerf\u00fchrung mit abschlie\u00dfendem Weinumtrunk an. Der Rundgang dauert ca. 1,5 &#8211; 2 Stunden und kostet 5,- \u20ac\/Person. Der Treffpunkt ist auf dem R\u00f6mer im Ortsteil Dalsheim.&nbsp;<\/strong><\/p>\n","protected":false},"excerpt":{"rendered":"<p>Die Weinburg Fl\u00f6rsheim-Dalsheim bietet neben vielem Sehenswerten etwas ganz besonderes in Rheinhessen. Neben den hochpr\u00e4mierten Weinen der Winzer k\u00f6nnen Sie im Ortsteil Dalsheim die einzige, vollst\u00e4ndig erhaltene, mittelalterliche Ortsbefestigung in Rheinhessen besichtigen. Das Reisemagazin &#8222;Merian Rheinhessen&#8220; hat die Fleckenmauer auf Platz 3 der sehenswertesten Orte in Rheinhessen platziert. Die Fleckenmauerf\u00fchrung ist jederzeit buchbar. Kosten: 60,- &hellip; <\/p>\n<p class=\"link-more\"><a href=\"https:\/\/g\u00e4stef\u00fchrungen-in-rheinhessen.de\/?page_id=63\" class=\"more-link\"><span class=\"screen-reader-text\">\u201eFl\u00f6rsheim-Dalsheim\u201c <\/span>weiterlesen<\/a><\/p>\n","protected":false},"author":2,"featured_media":36,"parent":0,"menu_order":0,"comment_status":"closed","ping_status":"closed","template":"","meta":{"footnotes":""},"class_list":["post-63","page","type-page","status-publish","has-post-thumbnail","hentry"],"_links":{"self":[{"href":"https:\/\/g\u00e4stef\u00fchrungen-in-rheinhessen.de\/index.php?rest_route=\/wp\/v2\/pages\/63","targetHints":{"allow":["GET"]}}],"collection":[{"href":"https:\/\/g\u00e4stef\u00fchrungen-in-rheinhessen.de\/index.php?rest_route=\/wp\/v2\/pages"}],"about":[{"href":"https:\/\/g\u00e4stef\u00fchrungen-in-rheinhessen.de\/index.php?rest_route=\/wp\/v2\/types\/page"}],"author":[{"embeddable":true,"href":"https:\/\/g\u00e4stef\u00fchrungen-in-rheinhessen.de\/index.php?rest_route=\/wp\/v2\/users\/2"}],"replies":[{"embeddable":true,"href":"https:\/\/g\u00e4stef\u00fchrungen-in-rheinhessen.de\/index.php?rest_route=%2Fwp%2Fv2%2Fcomments&post=63"}],"version-history":[{"count":16,"href":"https:\/\/g\u00e4stef\u00fchrungen-in-rheinhessen.de\/index.php?rest_route=\/wp\/v2\/pages\/63\/revisions"}],"predecessor-version":[{"id":440,"href":"https:\/\/g\u00e4stef\u00fchrungen-in-rheinhessen.de\/index.php?rest_route=\/wp\/v2\/pages\/63\/revisions\/440"}],"wp:featuredmedia":[{"embeddable":true,"href":"https:\/\/g\u00e4stef\u00fchrungen-in-rheinhessen.de\/index.php?rest_route=\/wp\/v2\/media\/36"}],"wp:attachment":[{"href":"https:\/\/g\u00e4stef\u00fchrungen-in-rheinhessen.de\/index.php?rest_route=%2Fwp%2Fv2%2Fmedia&parent=63"}],"curies":[{"name":"wp","href":"https:\/\/api.w.org\/{rel}","templated":true}]}}