{"id":92,"date":"2015-11-27T12:11:28","date_gmt":"2015-11-27T11:11:28","guid":{"rendered":"http:\/\/g\u00e4stef\u00fchrungen-in-rheinhessen.de\/?page_id=92"},"modified":"2022-11-27T18:09:55","modified_gmt":"2022-11-27T17:09:55","slug":"links","status":"publish","type":"page","link":"https:\/\/g\u00e4stef\u00fchrungen-in-rheinhessen.de\/?page_id=92","title":{"rendered":"Links"},"content":{"rendered":"<p>Hier folgen Verlinkungen auf bekannte Seiten.<\/p>\n<p>Mein Heimatdorf: <a href=\"http:\/\/www.floersheimdalsheim.de\/\" target=\"_blank\" rel=\"noopener\">www.floersheimdalsheim.de<\/a><\/p>\n<p>Einige Weing\u00fcter:<\/p>\n<p>Weingut Christmann: <a href=\"https:\/\/weingut-floersheimer-hof.de\/\">weingut-floersheimer-hof.de<\/a><\/p>\n<p>Weingut Beyer-B\u00e4hr: <a href=\"http:\/\/www.beyer-b\u00e4hr.de\/\">beyer-b\u00e4hr.de<\/a><\/p>\n<p><a href=\"http:\/\/www.bvgd.org\/\" target=\"_blank\" rel=\"attachment noopener wp-att-177\"><img loading=\"lazy\" decoding=\"async\" class=\"alignnone size-full wp-image-177\" src=\"https:\/\/xn--gstefhrungen-in-rheinhessen-bkc41e.de\/wp-content\/uploads\/2015\/11\/Neues-Bild-21.bmp\" alt=\"Bundesverband der G\u00e4stef\u00fchrer in Deutschland e. V.\" width=\"105\" height=\"100\" \/> <\/a><a href=\"http:\/\/www.kultur-und-weinbotschafter.de\/de\/rheinhessen\/wir-ueber-uns\/\" target=\"_blank\" rel=\"attachment noopener wp-att-174\"><img loading=\"lazy\" decoding=\"async\" class=\"alignnone wp-image-174\" src=\"https:\/\/xn--gstefhrungen-in-rheinhessen-bkc41e.de\/wp-content\/uploads\/2015\/11\/Neues-Bild-1.bmp\" alt=\"Kultur und Weinbotschafter Rheinhessen e.V.\" width=\"93\" height=\"120\" \/> <\/a><a href=\"http:\/\/www.vg-monsheim-tourismus.de\/\" target=\"_blank\" rel=\"attachment noopener wp-att-234\"><img loading=\"lazy\" decoding=\"async\" class=\"alignnone size-full wp-image-234\" src=\"https:\/\/xn--gstefhrungen-in-rheinhessen-bkc41e.de\/wp-content\/uploads\/2015\/12\/image.jpg\" alt=\"Tourist Information VG Monsheim\" width=\"165\" height=\"155\" \/><\/a><br \/>\nAnmelden: <a href=\"http:\/\/g\u00e4stef\u00fchrungen-in-rheinhessen.de\/wp-login.php\" target=\"_blank\" rel=\"noopener\">Login<\/a><\/p>\n","protected":false},"excerpt":{"rendered":"<p>Hier folgen Verlinkungen auf bekannte Seiten. Mein Heimatdorf: www.floersheimdalsheim.de Einige Weing\u00fcter: Weingut Christmann: weingut-floersheimer-hof.de Weingut Beyer-B\u00e4hr: beyer-b\u00e4hr.de Anmelden: Login<\/p>\n","protected":false},"author":2,"featured_media":0,"parent":0,"menu_order":0,"comment_status":"closed","ping_status":"closed","template":"","meta":{"footnotes":""},"class_list":["post-92","page","type-page","status-publish","hentry"],"_links":{"self":[{"href":"https:\/\/g\u00e4stef\u00fchrungen-in-rheinhessen.de\/index.php?rest_route=\/wp\/v2\/pages\/92","targetHints":{"allow":["GET"]}}],"collection":[{"href":"https:\/\/g\u00e4stef\u00fchrungen-in-rheinhessen.de\/index.php?rest_route=\/wp\/v2\/pages"}],"about":[{"href":"https:\/\/g\u00e4stef\u00fchrungen-in-rheinhessen.de\/index.php?rest_route=\/wp\/v2\/types\/page"}],"author":[{"embeddable":true,"href":"https:\/\/g\u00e4stef\u00fchrungen-in-rheinhessen.de\/index.php?rest_route=\/wp\/v2\/users\/2"}],"replies":[{"embeddable":true,"href":"https:\/\/g\u00e4stef\u00fchrungen-in-rheinhessen.de\/index.php?rest_route=%2Fwp%2Fv2%2Fcomments&post=92"}],"version-history":[{"count":7,"href":"https:\/\/g\u00e4stef\u00fchrungen-in-rheinhessen.de\/index.php?rest_route=\/wp\/v2\/pages\/92\/revisions"}],"predecessor-version":[{"id":497,"href":"https:\/\/g\u00e4stef\u00fchrungen-in-rheinhessen.de\/index.php?rest_route=\/wp\/v2\/pages\/92\/revisions\/497"}],"wp:attachment":[{"href":"https:\/\/g\u00e4stef\u00fchrungen-in-rheinhessen.de\/index.php?rest_route=%2Fwp%2Fv2%2Fmedia&parent=92"}],"curies":[{"name":"wp","href":"https:\/\/api.w.org\/{rel}","templated":true}]}}